{"id":715,"date":"2022-04-05T08:01:28","date_gmt":"2022-04-05T08:01:28","guid":{"rendered":"http:\/\/viilor.gddservices.ro\/?page_id=715"},"modified":"2024-12-12T08:39:30","modified_gmt":"2024-12-12T08:39:30","slug":"structura-anului-scolar","status":"publish","type":"page","link":"https:\/\/colegiulviilor.ro\/?page_id=715","title":{"rendered":"Structura anului \u0219colar"},"content":{"rendered":"\r\n<hr class=\"wp-block-separator has-alpha-channel-opacity is-style-wide\"\/>\r\n\r\n\r\n\r\n<p>ANUL \u0218COLAR 2024-2025 ESTE STRUCTURAT ASTFEL:<\/p>\r\n\r\n\r\n\r\n<h1 class=\"wp-block-heading\">Intervale de cursuri:<\/h1>\r\n\r\n\r\n\r\n<ul class=\"wp-block-list\">\r\n<li>de luni, 9 septembrie 2024, p\u00e2n\u0103 vineri, 25 octombrie 2024;<\/li>\r\n\r\n\r\n\r\n<li>de luni, 4 noiembrie 2024, p\u00e2n\u0103 vineri, 20 decembrie 2024;<\/li>\r\n\r\n\r\n\r\n<li>de miercuri, 8 ianuarie 2025, p\u00e2n\u0103 vineri, 14 februarie 2025;<\/li>\r\n\r\n\r\n\r\n<li>de luni, 24 februarie 2025, p\u00e2n\u0103 joi, 17 aprilie 2025;<\/li>\r\n\r\n\r\n\r\n<li>de luni, 28 aprilie 2025, p\u00e2n\u0103 vineri, 27 iunie 2025.<\/li>\r\n<\/ul>\r\n\r\n\r\n\r\n<h1 class=\"wp-block-heading\">Intervale dc vacan\u021b\u0103:<\/h1>\r\n\r\n\r\n\r\n<ul class=\"wp-block-list\">\r\n<li>dc s\u00e2mb\u0103t\u0103, 2b octombrie 2024, p\u00e2n\u0103 duminic\u0103, 3 noiembrie 2024;<\/li>\r\n\r\n\r\n\r\n<li>de s\u00e2mb\u0103t\u0103, 21 decembrie 2024, p\u00e2n\u0103 mar\u021bi, 7 ianuarie 2025;<\/li>\r\n\r\n\r\n\r\n<li>de s\u00e2mb\u0103t\u0103, 15 februarie 2025, p\u0103n\u0103 duminic\u0103, 23 februarie 2025;<\/li>\r\n\r\n\r\n\r\n<li>de vineri, 18 aprilie 2025, p\u00e2n\u0103 duminic\u0103, 27 aprilie 2025;<\/li>\r\n\r\n\r\n\r\n<li>de s\u00e2mb\u0103t\u0103, 28 iunie 2025, p\u00e2n\u0103 duminic\u0103, 7 septembrie 2025.<\/li>\r\n<\/ul>\r\n\r\n\r\n\r\n<p>Art. 1. \u2014 \u201e(1) Anul \u0219colar 2024-2025 incepe la data dc 1 septembrie 2024, se \u00eencheie la data de 31 august 2025 \u0219i are o durat\u0103 de 36 de s\u0103pt\u0103m\u00e2ni de cursuri. Cursurile anului \u0219colar 2024\u2014 2025 \u00eencep la data de 9 septembrie 2024.<\/p>\r\n\r\n\r\n\r\n<h2 class=\"wp-block-heading\">(2) Prin excep\u021bie de la prevederile alin. (1) se stabilesc urm\u0103toarele:<\/h2>\r\n\r\n\r\n\r\n<ul class=\"wp-block-list\">\r\n<li>pentru clasele a XII-a zi, a XIII-a seral si frecven\u021b\u0103 redus\u0103, anul \u0219colar are o durat\u0103 de 34 de s\u0103pt\u0103m\u00e2ni de cursuri \u0219i se \u00eencheie la data de 6 iunie 2025;<\/li>\r\n<\/ul>\r\n\r\n\r\n\r\n<ul class=\"wp-block-list\">\r\n<li>pentru clasa a VIII-a ( anul curent ), anul \u0219colar are o durat\u0103 de 35 dc s\u0103pt\u0103m\u00e2ni de cursuri \u0219i se \u00eencheie la data de 13 iunie 2025;<\/li>\r\n<\/ul>\r\n\r\n\r\n\r\n<ul class=\"wp-block-list\">\r\n<li>pentru clasele din \u00eenv\u0103\u021b\u0103m\u0103ntul liceal \u2014 filiera tehnologic\u0103, cu excep\u021bia claselor prev\u0103zute la lit. a) \u0219i pentru clasele din \u00eenv\u0103\u021b\u0103m\u00e2ntul profesional, anul \u0219colar are o durat\u0103 de 37 de s\u0103pt\u0103m\u00e2ni de cursuri \u0219i se \u00eencheie la data de 27 iunie 2025;<\/li>\r\n<\/ul>\r\n","protected":false},"excerpt":{"rendered":"<p>ANUL \u0218COLAR 2024-2025 ESTE STRUCTURAT ASTFEL: Intervale de cursuri: Intervale dc vacan\u021b\u0103: Art. 1. \u2014 \u201e(1) Anul \u0219colar 2024-2025 incepe la data dc 1 septembrie 2024, se \u00eencheie la data de 31 august 2025 \u0219i are o durat\u0103 de 36 de s\u0103pt\u0103m\u00e2ni de cursuri. Cursurile anului \u0219colar 2024\u2014 2025 \u00eencep la data de 9 septembrie 2024. (2) Prin excep\u021bie de la prevederile alin. (1) se stabilesc urm\u0103toarele:<a class=\"more-link\" href=\"https:\/\/colegiulviilor.ro\/?page_id=715\">Read More &rarr;<\/a><\/p>\n","protected":false},"author":4,"featured_media":1939,"parent":0,"menu_order":0,"comment_status":"closed","ping_status":"closed","template":"","meta":{"footnotes":""},"class_list":["entry","author-daniel-dane","post-715","page","type-page","status-publish","has-post-thumbnail"],"_links":{"self":[{"href":"https:\/\/colegiulviilor.ro\/index.php?rest_route=\/wp\/v2\/pages\/715","targetHints":{"allow":["GET"]}}],"collection":[{"href":"https:\/\/colegiulviilor.ro\/index.php?rest_route=\/wp\/v2\/pages"}],"about":[{"href":"https:\/\/colegiulviilor.ro\/index.php?rest_route=\/wp\/v2\/types\/page"}],"author":[{"embeddable":true,"href":"https:\/\/colegiulviilor.ro\/index.php?rest_route=\/wp\/v2\/users\/4"}],"replies":[{"embeddable":true,"href":"https:\/\/colegiulviilor.ro\/index.php?rest_route=%2Fwp%2Fv2%2Fcomments&post=715"}],"version-history":[{"count":29,"href":"https:\/\/colegiulviilor.ro\/index.php?rest_route=\/wp\/v2\/pages\/715\/revisions"}],"predecessor-version":[{"id":2419,"href":"https:\/\/colegiulviilor.ro\/index.php?rest_route=\/wp\/v2\/pages\/715\/revisions\/2419"}],"wp:featuredmedia":[{"embeddable":true,"href":"https:\/\/colegiulviilor.ro\/index.php?rest_route=\/wp\/v2\/media\/1939"}],"wp:attachment":[{"href":"https:\/\/colegiulviilor.ro\/index.php?rest_route=%2Fwp%2Fv2%2Fmedia&parent=715"}],"curies":[{"name":"wp","href":"https:\/\/api.w.org\/{rel}","templated":true}]}}