{"id":711,"date":"2022-04-05T07:59:20","date_gmt":"2022-04-05T07:59:20","guid":{"rendered":"http:\/\/viilor.gddservices.ro\/?page_id=711"},"modified":"2023-09-06T18:50:22","modified_gmt":"2023-09-06T18:50:22","slug":"program-asistenta-psihopedagogica","status":"publish","type":"page","link":"https:\/\/colegiulviilor.ro\/?page_id=711","title":{"rendered":"Program Asistenta Psihopedagogic\u0103"},"content":{"rendered":"\n<a href=\"\/wp-content\/uploads\/2022\/04\/Orar-1.pdf\">Program Cabinetul de Asisten\u0163\u0103 Psihopedagogic\u0103<\/a>\n","protected":false},"excerpt":{"rendered":"<p>Program Cabinetul de Asisten\u0163\u0103 Psihopedagogic\u0103<a class=\"more-link\" href=\"https:\/\/colegiulviilor.ro\/?page_id=711\">Read More &rarr;<\/a><\/p>\n","protected":false},"author":3,"featured_media":0,"parent":0,"menu_order":0,"comment_status":"closed","ping_status":"closed","template":"","meta":{"footnotes":""},"class_list":["entry","author-vlad-cristescu","post-711","page","type-page","status-publish"],"_links":{"self":[{"href":"https:\/\/colegiulviilor.ro\/index.php?rest_route=\/wp\/v2\/pages\/711","targetHints":{"allow":["GET"]}}],"collection":[{"href":"https:\/\/colegiulviilor.ro\/index.php?rest_route=\/wp\/v2\/pages"}],"about":[{"href":"https:\/\/colegiulviilor.ro\/index.php?rest_route=\/wp\/v2\/types\/page"}],"author":[{"embeddable":true,"href":"https:\/\/colegiulviilor.ro\/index.php?rest_route=\/wp\/v2\/users\/3"}],"replies":[{"embeddable":true,"href":"https:\/\/colegiulviilor.ro\/index.php?rest_route=%2Fwp%2Fv2%2Fcomments&post=711"}],"version-history":[{"count":5,"href":"https:\/\/colegiulviilor.ro\/index.php?rest_route=\/wp\/v2\/pages\/711\/revisions"}],"predecessor-version":[{"id":1827,"href":"https:\/\/colegiulviilor.ro\/index.php?rest_route=\/wp\/v2\/pages\/711\/revisions\/1827"}],"wp:attachment":[{"href":"https:\/\/colegiulviilor.ro\/index.php?rest_route=%2Fwp%2Fv2%2Fmedia&parent=711"}],"curies":[{"name":"wp","href":"https:\/\/api.w.org\/{rel}","templated":true}]}}