{"id":690,"date":"2022-04-04T06:30:21","date_gmt":"2022-04-04T06:30:21","guid":{"rendered":"http:\/\/viilor.gddservices.ro\/?page_id=690"},"modified":"2022-07-05T12:57:39","modified_gmt":"2022-07-05T12:57:39","slug":"proiect-rose","status":"publish","type":"page","link":"https:\/\/colegiulviilor.ro\/?page_id=690","title":{"rendered":"Proiect ROSE"},"content":{"rendered":"\n<a href=\"\/wp-content\/uploads\/2022\/04\/PROCEDURA-SELECTIE-ELEVI-CEV-ROSE-REVIZUITA.pdf\">PROCEDURA-SELECTIE-ELEVI-CEV-ROSE<\/a>\n\n\n\n<p class=\"has-text-align-center\"><strong><em>Proiectul ROSE<\/em><\/strong><\/p>\n\n\n\n<p>Prin derularea acestui proiect, liceul \u00ee\u0219i propune s\u0103 ob\u021bin\u0103 rezultatele dorite care s\u0103 aduc\u0103 beneficii la nivelul elevilor prin \u00eembun\u0103t\u0103\u021birea \u0219anselor de promovare a examenului de bacalaureat.<br>Rezultatele ce vor fi ob\u021binute \u00een urma activit\u0103\u021bilor din cadrul proiectului:<br><strong>Cel pu\u021bin 300 de elevi beneficiari de ore de educa\u021bie remedial\u0103 la limba rom\u00e2n\u0103 , matematic\u0103 , geografie , Discipline socio \u2013 umane (logica si psihologie).<br>2916 ore de educa\u021bie remedial\u0103 \u00een patru ani<br>250 de elevi beneficiari de servicii de dezvoltare personal\u0103<br>Trei excursii tematice organizate<\/strong><br>Cel pu\u021bin 250 de elevi vor participa la evenimente cultural artistice: (teatru , concerte , filme , opera , etc.)<br>Obiectivul general al proiectului:<br>Accent pe educa\u021bia remedial\u0103 cuprins\u0103 in programe de studiu individualizat in grupuri mici de elevi, \u021bin\u00e2nd cont de progresul \u0219colar al fiec\u0103ruia, la materiile la care elevi dau bacalaureat, pe implicarea \u00een activit\u0103\u021bii extra\u0219colare specifice dezvolt\u0103rii stimei de sine \u0219i a cre\u0219terii optimumului motiva\u021bional cu scopul orient\u0103rii \u00een carier\u0103, dar \u0219i \u00een vederea dezvolt\u0103rii socio \u2013 culturale pentru adaptabilitatea \u0219i asimilarea valorilor de societate, pe participarea la evenimente culturale: teatru , concerte , filme dar \u0219i crearea unui ambient favorabil pentru \u00eenv\u0103\u021bare prin dotarea spa\u021biilor de \u00eenv\u0103\u021bare \u0219i accesul la echipamente IT , multifunc\u021bionale.<\/p>\n","protected":false},"excerpt":{"rendered":"<p>PROCEDURA-SELECTIE-ELEVI-CEV-ROSE Proiectul ROSE Prin derularea acestui proiect, liceul \u00ee\u0219i propune s\u0103 ob\u021bin\u0103 rezultatele dorite care s\u0103 aduc\u0103 beneficii la nivelul elevilor prin \u00eembun\u0103t\u0103\u021birea \u0219anselor de promovare a examenului de bacalaureat.Rezultatele ce vor fi ob\u021binute \u00een urma activit\u0103\u021bilor din cadrul proiectului:Cel pu\u021bin 300 de elevi beneficiari de ore de educa\u021bie remedial\u0103 la limba rom\u00e2n\u0103 , matematic\u0103 , geografie , Discipline socio \u2013 umane (logica si psihologie).2916 ore de educa\u021bie remedial\u0103 \u00een patru ani250 de elevi beneficiari de servicii de dezvoltare personal\u0103Trei excursii tematice organizateCel pu\u021bin 250 de elevi vor participa la evenimente cultural artistice: (teatru , concerte , filme , opera , etc.)Obiectivul general al proiectului:Accent<a class=\"more-link\" href=\"https:\/\/colegiulviilor.ro\/?page_id=690\">Read More &rarr;<\/a><\/p>\n","protected":false},"author":3,"featured_media":0,"parent":0,"menu_order":0,"comment_status":"closed","ping_status":"closed","template":"","meta":{"footnotes":""},"class_list":["entry","author-vlad-cristescu","post-690","page","type-page","status-publish"],"_links":{"self":[{"href":"https:\/\/colegiulviilor.ro\/index.php?rest_route=\/wp\/v2\/pages\/690","targetHints":{"allow":["GET"]}}],"collection":[{"href":"https:\/\/colegiulviilor.ro\/index.php?rest_route=\/wp\/v2\/pages"}],"about":[{"href":"https:\/\/colegiulviilor.ro\/index.php?rest_route=\/wp\/v2\/types\/page"}],"author":[{"embeddable":true,"href":"https:\/\/colegiulviilor.ro\/index.php?rest_route=\/wp\/v2\/users\/3"}],"replies":[{"embeddable":true,"href":"https:\/\/colegiulviilor.ro\/index.php?rest_route=%2Fwp%2Fv2%2Fcomments&post=690"}],"version-history":[{"count":4,"href":"https:\/\/colegiulviilor.ro\/index.php?rest_route=\/wp\/v2\/pages\/690\/revisions"}],"predecessor-version":[{"id":1199,"href":"https:\/\/colegiulviilor.ro\/index.php?rest_route=\/wp\/v2\/pages\/690\/revisions\/1199"}],"wp:attachment":[{"href":"https:\/\/colegiulviilor.ro\/index.php?rest_route=%2Fwp%2Fv2%2Fmedia&parent=690"}],"curies":[{"name":"wp","href":"https:\/\/api.w.org\/{rel}","templated":true}]}}