{"id":630,"date":"2022-03-14T09:11:23","date_gmt":"2022-03-14T09:11:23","guid":{"rendered":"http:\/\/viilor.gddservices.ro\/?page_id=630"},"modified":"2026-02-06T15:39:12","modified_gmt":"2026-02-06T15:39:12","slug":"profesori","status":"publish","type":"page","link":"https:\/\/colegiulviilor.ro\/?page_id=630","title":{"rendered":"Cadre didactice"},"content":{"rendered":"\n<h1 class=\"wp-block-heading\">Cadre Didactice 2025-2026<\/h1>\n\n\n\n<h2 class=\"wp-block-heading\">Limba \u0219i Literatura Rom\u00e2n\u0103<\/h2>\n\n\n\n<figure class=\"wp-block-table\"><table><tbody><tr><td>Nr. Crt.<\/td><td>NUME&nbsp; PRENUME<\/td><td>SPECIALIZAREA<\/td><td>GRADUL DIDACTIC<\/td><\/tr><tr><td>&nbsp;1<\/td><td>DIACONU GABRIELA CRISTINA &nbsp;<\/td><td>LIMBA \u0218I LITERATURA ROM\u00c2N\u0102<\/td><td>I<\/td><\/tr><tr><td>&nbsp;2<\/td><td>IONI\u021a\u0102 OLIMPIA<\/td><td>LIMBA \u0218I LITERATURA ROM\u00c2N\u0102<\/td><td>I<\/td><\/tr><tr><td>&nbsp;3<\/td><td>PETCU MONICA<\/td><td>LIMBA \u0218I LITERATURA ROM\u00c2N\u0102<\/td><td>I<\/td><\/tr><tr><td>&nbsp;4<\/td><td>PETRESCU ADINA<\/td><td>LIMBA \u0218I LITERATURA ROM\u00c2N\u0102<\/td><td>I<\/td><\/tr><tr><td>&nbsp;5<\/td><td>POENARU OANA MARIA<\/td><td>LIMBA \u0218I LITERATURA ROM\u00c2N\u0102<\/td><td>II\/DR<\/td><\/tr><tr><td>&nbsp;6<\/td><td>\u0218TEF\u0102NESCU ANA-MARIA<\/td><td>LIMBA \u0218I LITERATURA ROM\u00c2N\u0102<\/td><td>I\/ DR<\/td><\/tr><tr><td>&nbsp;7<\/td><td>BIL\u021a MARIANA<\/td><td>LIMBA \u0218I LITERATURA ROM\u00c2N\u0102<\/td><td>DEFINITIVAT<\/td><\/tr><tr><td>&nbsp;8<\/td><td>S\u0102VOIU IOANA LAURA<\/td><td>LIMBA \u0218I LITERATURA ROM\u00c2N\u0102<\/td><td>DEF.<\/td><\/tr><\/tbody><\/table><\/figure>\n\n\n\n<h2 class=\"wp-block-heading\">Limba Francez\u0103<\/h2>\n\n\n\n<figure class=\"wp-block-table\"><table><tbody><tr><td>Nr. Crt.<\/td><td>NUME&nbsp; PRENUME<\/td><td>SPECIALIZAREA<\/td><td>GRADUL DIDACTIC<\/td><\/tr><tr><td>1.<\/td><td>ANTOHI LUDMILA<\/td><td>LIMBA FRANCEZ\u0102<\/td><td>I<\/td><\/tr><tr><td>2<\/td><td>MIH\u0102ESCU DENISA<\/td><td>LIMBA FRANCEZ\u0102<\/td><td>I<\/td><\/tr><tr><td>3.<\/td><td>IACOB ANDREEA<\/td><td>LIMBA FRANCEZ\u0102<\/td><td>I<\/td><\/tr><tr><td>4.<\/td><td>ULMEANU ADRIANA<\/td><td>LIMBA FRANCEZ\u0102<\/td><td>I<\/td><\/tr><tr><td>5.<\/td><td>ZAPOROJANU IOAN<\/td><td>LIMBA FRANCEZ\u0102<\/td><td>I<\/td><\/tr><\/tbody><\/table><\/figure>\n\n\n\n<h2 class=\"wp-block-heading\">Limba Englez\u0103<\/h2>\n\n\n\n<figure class=\"wp-block-table\"><table><tbody><tr><td>Nr. Crt.<\/td><td>NUME&nbsp; PRENUME<\/td><td>SPECIALIZAREA<\/td><td>GRADUL DIDACTIC<\/td><\/tr><tr><td>1.<\/td><td>CHI\u021aU CORINA<\/td><td>LIMBA ENGLEZ\u0102<\/td><td>I<\/td><\/tr><tr><td>2.<\/td><td>G\u0102MUREAC AMALIA<\/td><td>LIMBA ENGLEZ\u0102<\/td><td>I<\/td><\/tr><tr><td>3.<\/td><td>POPESCU OANA<\/td><td>LIMBA ENGLEZ\u0102<\/td><td>I \/DR<\/td><\/tr><tr><td>4.<\/td><td>STANCALA COSMINA<\/td><td>LIMBA ENGLEZ\u0102<\/td><td>DEF<\/td><\/tr><tr><td>5.<\/td><td>VATAFU LAURA<\/td><td>LIMBA ENGLEZ\u0102<\/td><td>II<\/td><\/tr><tr><td>6.<\/td><td>POPESCU CRISTINA<\/td><td>GEOGRAFIE\/ENGLEZA<\/td><td>I<\/td><\/tr><tr><td>7.<\/td><td>CEHAN MIHAELA<\/td><td>RELIGIE\/ENGLEZA<\/td><td>I<\/td><\/tr><\/tbody><\/table><\/figure>\n\n\n\n<h2 class=\"wp-block-heading\">Matematic\u0103<\/h2>\n\n\n\n<figure class=\"wp-block-table\"><table><tbody><tr><td>Nr. Crt.<\/td><td>NUME&nbsp; PRENUME<\/td><td>SPECIALIZAREA<\/td><td>GRADUL DIDACTIC<\/td><\/tr><tr><td>1.<\/td><td>GHEORGHIU IRINA<\/td><td>MATEMATIC\u0102 &nbsp;<\/td><td>I<\/td><\/tr><tr><td>2.<\/td><td>HANGHIUC TITI<\/td><td>MATEMATIC\u0102<\/td><td>I<\/td><\/tr><tr><td>3.<\/td><td>N\u0102STASE TEODORA<\/td><td>MATEMATIC\u0102<\/td><td>I<\/td><\/tr><tr><td>4.<\/td><td>RADE\u0218 FLORIN<\/td><td>MATEMATIC\u0102<\/td><td>I<\/td><\/tr><tr><td>5.<\/td><td>ROTARU VERONICA<\/td><td>MATEMATIC\u0102<\/td><td>I<\/td><\/tr><tr><td>6.<\/td><td>ST\u0102NOIU BOGDAN<\/td><td>MATEMATIC\u0102<\/td><td>II<\/td><\/tr><tr><td>7.<\/td><td>STOICA MARIA DANIELA<\/td><td>MATEMATIC\u0102<\/td><td>I<\/td><\/tr><tr><td>8.<\/td><td>MOROIANU \u0218TEFAN<\/td><td>MATEMATIC\u0102<\/td><td>&nbsp;<\/td><\/tr><\/tbody><\/table><\/figure>\n\n\n\n<h2 class=\"wp-block-heading\">Istorie \u0219i Geografie<\/h2>\n\n\n\n<figure class=\"wp-block-table\"><table><tbody><tr><td>NR. CRT.<\/td><td>NUME&nbsp; PRENUME<\/td><td>SPECIALIZAREA<\/td><td>GRADUL DIDACTIC<\/td><\/tr><tr><td>1.<\/td><td>POPESCU MIHAI<\/td><td>ISTORIE &nbsp;<\/td><td>&nbsp;<\/td><\/tr><tr><td>2.<\/td><td>GHEORGHE COSETTA<\/td><td>ISTORIE<\/td><td>I<\/td><\/tr><tr><td>3.<\/td><td>URECHEATU CRISTINA<\/td><td>ISTORIE<\/td><td>I<\/td><\/tr><tr><td>4.<\/td><td>LAZ\u0102R SILVIA<\/td><td>ISTORIE<\/td><td>&nbsp;<\/td><\/tr><tr><td>5.<\/td><td>GHER\u0102\u0218OIU RO\u0218U LUMINI\u021aA MIHAELA<\/td><td>ISTORIE<\/td><td>DEF.<\/td><\/tr><tr><td>6.<\/td><td>POPESCU CRISTINA<\/td><td>GEOGRAFIE<\/td><td>I<\/td><\/tr><tr><td>7.<\/td><td>GOGAN GABRIELA DOLORIS<\/td><td>GEOGRAFIE<\/td><td>II<\/td><\/tr><tr><td>8.<\/td><td>DINU ANA MARIA<\/td><td>GEOGRAFIE<\/td><td>II<\/td><\/tr><tr><td>9.<\/td><td>PASCU VICTOR<\/td><td>GEOGRAFIE<\/td><td>DEF.<\/td><\/tr><\/tbody><\/table><\/figure>\n\n\n\n<h2 class=\"wp-block-heading\">Educa\u021bie Fizic\u0103 \u0219i Sport \u0219i Religie<\/h2>\n\n\n\n<figure class=\"wp-block-table\"><table><tbody><tr><th>Nr. Crt.<\/th><th>Nume Prenume<\/th><th>Specializarea<\/th><th>Gradul Didactic<\/th><\/tr><tr><td>1.<\/td><td>PETRESCU LOREDANA<\/td><td>EDUCA\u021aIE FIZIC\u0102<\/td><td>I<\/td><\/tr><tr><td>2.<\/td><td>\u0218ULEA ROXANA<\/td><td>EDUCA\u021aIE FIZIC\u0102<\/td><td>I<\/td><\/tr><tr><td>3.<\/td><td>TANASE VICEN\u021aIU<\/td><td>EDUCA\u021aIE FIZIC\u0102<\/td><td>DEB.<\/td><\/tr><tr><td>4.<\/td><td>POPA LOREDANA<\/td><td>RELIGIE ORTODOX\u0102<\/td><td>I<\/td><\/tr><tr><td>5.<\/td><td>STAN VIORICA<\/td><td>RELIGIE ORTODOX\u0102<\/td><td>I<\/td><\/tr><tr><td>6.<\/td><td>CEHAN MIHAELA<\/td><td>RELIGIE ORTODOX\u0102<\/td><td>DEF.<\/td><\/tr><\/tbody><\/table><\/figure>\n\n\n\n<h2 class=\"wp-block-heading\">Fizic\u0103, Chimie, Biologie<\/h2>\n\n\n\n<figure class=\"wp-block-table\"><table><tbody><tr><td>NR. CRT.<\/td><td>NUME&nbsp; PRENUME<\/td><td>SPECIALIZAREA<\/td><td>GRADUL DIDACTIC<\/td><\/tr><tr><td>1.<\/td><td>COSTEA FLORIAN<\/td><td>FIZIC\u0102 &nbsp;<\/td><td>DEFINITIVAT<\/td><\/tr><tr><td>2.<\/td><td>IORDAN BIANCA<\/td><td>FIZIC\u0102<\/td><td>DEBUTANT<\/td><\/tr><tr><td>3.<\/td><td>TRUF\u0102\u0218IL\u0102 RODICA<\/td><td>FIZIC\u0102<\/td><td>DEBUTANT<\/td><\/tr><tr><td>4.<\/td><td>HANGHIUC RODICA<\/td><td>CHIMIE<\/td><td>GRADUL I<\/td><\/tr><tr><td>5.<\/td><td>BALEA ADELA<\/td><td>CHIMIE<\/td><td>&nbsp;<\/td><\/tr><tr><td>6.<\/td><td>BOTEZATU EMANUELA<\/td><td>BIOLOGIE<\/td><td>GRADUL I<\/td><\/tr><tr><td>7.<\/td><td>CRUDU MARILENA<\/td><td>BIOLOGIE<\/td><td>GRADUL I<\/td><\/tr><\/tbody><\/table><\/figure>\n\n\n\n<h2 class=\"wp-block-heading\"> Logic\u0103 \u0219i Arugumentare\/Economie si Educa\u021bie Anteprenorial\u0103\/Psihologie <\/h2>\n\n\n\n<figure class=\"wp-block-table\"><table><tbody><tr><td>Nr. Crt.<\/td><td>NUME&nbsp; PRENUME<\/td><td>SPECIALIZAREA<\/td><td>GRADUL DIDACTIC<\/td><\/tr><tr><td>1.<\/td><td>PETRANCU ADELAIDA<\/td><td>LOGIC\u0102 \u0218I ARGUMENTARE<\/td><td>I<\/td><\/tr><tr><td>2<\/td><td>PETRE MARIUS STELIAN<\/td><td>ECONOMIE \/ EDUCA\u021aIE ANTREPRENORIAL\u0102<\/td><td>I<\/td><\/tr><tr><td>3.<\/td><td>SENTE\u0218 SILVIA<\/td><td>ECONOMIE \u0218I EDUCA\u021aIE ANTREPRENORIAL\u0102<\/td><td>II<\/td><\/tr><tr><td>4.<\/td><td>COSTIN PETRONELA GEORGIANA<\/td><td>ECONOMIE \u0218I EDUCA\u021aIE ANTREPRENORIAL\u0102<\/td><td>II<\/td><\/tr><tr><td>5.<\/td><td>CRISTESCU RODICA<\/td><td>PSIHOLOGIE&nbsp;<\/td><td>I<\/td><\/tr><tr><td>6<\/td><td>V\u00ceJE LAURA&nbsp;<\/td><td>PSIHOLOGIE<\/td><td>DEF.<\/td><\/tr><tr><td>7.<\/td><td>\u021aICAL\u0102 MARICU\u021aA<\/td><td>ECONOMIE \/ EDUCA\u021aIE ANTREPRENORIAL\u0102<\/td><td>&nbsp;<\/td><\/tr><\/tbody><\/table><\/figure>\n\n\n\n<h2 class=\"wp-block-heading\">Economic\/Administrativ\/Po\u0219t\u0103 \u0219i TIC<\/h2>\n\n\n\n<figure class=\"wp-block-table\"><table><tbody><tr><td>NR. CRT.<\/td><td>NUME&nbsp; PRENUME<\/td><td>SPECIALIZAREA<\/td><td>GRADUL DIDACTIC<\/td><\/tr><tr><td>1.<\/td><td>CENU\u0218\u0102 GHEORGHI\u021aA<\/td><td>ECONOMIC\/ADMINISTRATIV\/PO\u0218T\u0102<\/td><td>DEBUTANT<\/td><\/tr><tr><td>2.<\/td><td>MORAR OLIVIA<\/td><td>ECONOMIC\/ADMINISTRATIV\/PO\u0218T\u0102<\/td><td>DEFINITIVAT<\/td><\/tr><tr><td>3.<\/td><td>GRIGORIE PARASCHIVA<\/td><td>ECONOMIC\/ADMINISTRATIV\/PO\u0218T\u0102<\/td><td>I<\/td><\/tr><tr><td>4.<\/td><td>P\u0102CURARU &nbsp;PAULA<\/td><td>ECONOMIC\/ADMINISTRATIV\/PO\u0218T\u0102<\/td><td>DEFINITIVAT<\/td><\/tr><tr><td>5.<\/td><td>POPA FLORICA<\/td><td>ECONOMIC\/ADMINISTRATIV\/PO\u0218T\u0102<\/td><td>I<\/td><\/tr><tr><td>7.<\/td><td>PETRE NANU<\/td><td>ECONOMIC\/ADMINISTRATIV\/PO\u0218T\u0102<\/td><td>I<\/td><\/tr><tr><td>6.<\/td><td>TRUF\u0102\u0218IL\u0102 ADRIAN<\/td><td>ECONOMIC\/ADMINISTRATIV\/PO\u0218T\u0102<\/td><td>II<\/td><\/tr><tr><td>7.<\/td><td>STAICU ANDREEA<\/td><td>&nbsp;<\/td><td>DEB.<\/td><\/tr><tr><td>8.<\/td><td>DRAGOMIR SIMONA<\/td><td>ECONOMIC\/ADMINISTRATIV\/PO\u0218T\u0102<\/td><td>I<\/td><\/tr><tr><td>9.<\/td><td>ENACHE GABRIELA<\/td><td>TIC<\/td><td>I<\/td><\/tr><tr><td>10.<\/td><td>DOAN\u0102 ANTONELA<\/td><td>TIC<\/td><td>II<\/td><\/tr><tr><td>11.<\/td><td>STAN GABRIELA<\/td><td>TIC<\/td><td>DEBUTANT<\/td><\/tr><\/tbody><\/table><\/figure>\n\n\n\n<h2 class=\"wp-block-heading\">Alimenta\u021bie Public\u0103 \u0219i Turism<\/h2>\n\n\n\n<figure class=\"wp-block-table\"><table><tbody><tr><td>Nr. Crt.<\/td><td>NUME&nbsp; PRENUME<\/td><td>SPECIALIZAREA<\/td><td>GRADUL DIDACTIC<\/td><\/tr><tr><td>1.<\/td><td>AMARIEI MIRELA<\/td><td>ALIMENTA\u021aIE PUBLIC\u0102 &nbsp;<\/td><td>I<\/td><\/tr><tr><td>2.<\/td><td>DINU MONICA<\/td><td>ALIMENTA\u021aIE PUBLIC\u0102<\/td><td>II + DOCTORAT<\/td><\/tr><tr><td>3.<\/td><td>M\u0102NICA GEORGIANA MINODORA<\/td><td>ALIMENTA\u021aIE PUBLIC\u0102<\/td><td>II<\/td><\/tr><tr><td>4.<\/td><td>PETRESCU VIORELA<\/td><td>ALIMENTA\u021aIE PUBLIC\u0102<\/td><td>II<\/td><\/tr><tr><td>5.<\/td><td>R\u00ceCEA ION<\/td><td>ALIMENTA\u021aIE PUBLIC\u0102<\/td><td>DEFINITIVAT<\/td><\/tr><tr><td>6.<\/td><td>SANDU SORIN<\/td><td>ALIMENTA\u021aIE PUBLIC\u0102<\/td><td>DEBUTANT<\/td><\/tr><tr><td>7.<\/td><td>TOMESCU LIANA &nbsp;<\/td><td>ALIMENTA\u021aIE PUBLIC\u0102<\/td><td>I<\/td><\/tr><tr><td>8.<\/td><td>\u0218ANDRU ANGELA<\/td><td>TURISM<\/td><td>I<\/td><\/tr><tr><td>9.<\/td><td>SAVIN GABRIELA<\/td><td>TURISM<\/td><td>I<\/td><\/tr><tr><td>10.<\/td><td>URSUIANU GABRIEL NICOLAE<\/td><td>TURISM<\/td><td>I (ECHIVALARE DOCTORAT)<\/td><\/tr><tr><td>11.<\/td><td>ANDREI FLORINA<\/td><td>IP &#8211; ALIMENTA\u021aIE PUBLIC\u0102<\/td><td>DEFINITIVAT<\/td><\/tr><tr><td>12.<\/td><td>BARA ADRIANA<\/td><td>IP &#8211; ALIMENTA\u021aIE PUBLIC\u0102<\/td><td>I<\/td><\/tr><tr><td>13.<\/td><td>DOBRE RODICA<\/td><td>IP &#8211; ALIMENTA\u021aIE PUBLIC\u0102<\/td><td>I<\/td><\/tr><tr><td>14.<\/td><td>LEFTER \u0218TEFAN<\/td><td>IP &#8211; ALIMENTA\u021aIE PUBLIC\u0102<\/td><td>DEBUTANT<\/td><\/tr><tr><td>15.<\/td><td>MANT\u0102 MARIAN<\/td><td>IP &#8211; ALIMENTA\u021aIE PUBLIC\u0102<\/td><td>DEBUTANT<\/td><\/tr><tr><td>16.<\/td><td>SASU IOANA<\/td><td>IP &#8211; ALIMENTA\u021aIE PUBLIC\u0102<\/td><td>&nbsp;I<\/td><\/tr><tr><td>17.<\/td><td>ARITON ANCA<\/td><td>&nbsp;<\/td><td>&nbsp;<\/td><\/tr><\/tbody><\/table><\/figure>\n\n\n\n<h2 class=\"wp-block-heading\">Economic\/Servicii\/Comer\u021b<\/h2>\n\n\n\n<figure class=\"wp-block-table\"><table><tbody><tr><td>NR. CRT.<\/td><td>NUME&nbsp; PRENUME<\/td><td>SPECIALIZAREA<\/td><td>GRADUL DIDACTIC<\/td><\/tr><tr><td>1.<\/td><td>BECHET IULIANA<\/td><td>ECONOMIC\/SERVICII\/COMER\u021a<\/td><td>I<\/td><\/tr><tr><td>2.<\/td><td>DORIN VIORICA BELLA<\/td><td>ECONOMIC\/SERVICII\/COMER\u021a<\/td><td>I\/DOCTORAT<\/td><\/tr><tr><td>3.<\/td><td>MANOLACHE THEODORA DANIELA<\/td><td>PIP- ECONOMIC\/SERVICII\/COMER\u021a<\/td><td>DEFINITIVAT<\/td><\/tr><tr><td>4.<\/td><td>MELEI ALINA<\/td><td>ECONOMIC\/SERVICII\/COMER\u021a<\/td><td>II<\/td><\/tr><tr><td>5.<\/td><td>MELEI CONSTANTIN<\/td><td>ECONOMIC\/SERVICII\/COMER\u021a<\/td><td>DEFINITIVAT<\/td><\/tr><tr><td>6.<\/td><td>POPA FLORICA<\/td><td>ECONOMIC\/SERVICII\/COMER\u021a<\/td><td>I<\/td><\/tr><tr><td>7.<\/td><td>SIMENY NAGY ENU IMME FELYNE<\/td><td>ECONOMIC\/SERVICII\/COMER\u021a<\/td><td>DEBUTANT<\/td><\/tr><tr><td>8.<\/td><td>STIR ANDREEA AURELIA<\/td><td>ECONOMIC\/SERVICII\/COMER\u021a<\/td><td>I<\/td><\/tr><tr><td>9.<\/td><td>\u0218TEF\u0102NESCU IOANA CODRU\u021aA<\/td><td>ECONOMIC\/SERVICII\/COMER\u021a<\/td><td>I<\/td><\/tr><tr><td>10.<\/td><td>HA\u0218EGAN MARE\u0218 GABRIELA ADINA<\/td><td>&nbsp;<\/td><td>&nbsp;<\/td><\/tr><tr><td>11.<\/td><td>MANOLESCU IULIA<\/td><td>&nbsp;<\/td><td>&nbsp;<\/td><\/tr><\/tbody><\/table><\/figure>\n\n\n\n<p><\/p>\n","protected":false},"excerpt":{"rendered":"<p>Cadre Didactice 2025-2026 Limba \u0219i Literatura Rom\u00e2n\u0103 Nr. Crt. NUME&nbsp; PRENUME SPECIALIZAREA GRADUL DIDACTIC &nbsp;1 DIACONU GABRIELA CRISTINA &nbsp; LIMBA \u0218I LITERATURA ROM\u00c2N\u0102 I &nbsp;2 IONI\u021a\u0102 OLIMPIA LIMBA \u0218I LITERATURA ROM\u00c2N\u0102 I &nbsp;3 PETCU MONICA LIMBA \u0218I LITERATURA ROM\u00c2N\u0102 I &nbsp;4 PETRESCU ADINA LIMBA \u0218I LITERATURA ROM\u00c2N\u0102 I &nbsp;5 POENARU OANA MARIA LIMBA \u0218I LITERATURA ROM\u00c2N\u0102 II\/DR &nbsp;6 \u0218TEF\u0102NESCU ANA-MARIA LIMBA \u0218I LITERATURA ROM\u00c2N\u0102 I\/ DR &nbsp;7 BIL\u021a MARIANA LIMBA \u0218I LITERATURA ROM\u00c2N\u0102 DEFINITIVAT &nbsp;8 S\u0102VOIU IOANA LAURA LIMBA \u0218I LITERATURA ROM\u00c2N\u0102 DEF. Limba Francez\u0103 Nr. Crt. NUME&nbsp; PRENUME SPECIALIZAREA GRADUL DIDACTIC 1. ANTOHI LUDMILA LIMBA FRANCEZ\u0102 I 2 MIH\u0102ESCU DENISA LIMBA FRANCEZ\u0102 I 3.<a class=\"more-link\" href=\"https:\/\/colegiulviilor.ro\/?page_id=630\">Read More &rarr;<\/a><\/p>\n","protected":false},"author":3,"featured_media":1056,"parent":0,"menu_order":0,"comment_status":"closed","ping_status":"closed","template":"","meta":{"footnotes":""},"class_list":["entry","author-vlad-cristescu","post-630","page","type-page","status-publish","has-post-thumbnail"],"_links":{"self":[{"href":"https:\/\/colegiulviilor.ro\/index.php?rest_route=\/wp\/v2\/pages\/630","targetHints":{"allow":["GET"]}}],"collection":[{"href":"https:\/\/colegiulviilor.ro\/index.php?rest_route=\/wp\/v2\/pages"}],"about":[{"href":"https:\/\/colegiulviilor.ro\/index.php?rest_route=\/wp\/v2\/types\/page"}],"author":[{"embeddable":true,"href":"https:\/\/colegiulviilor.ro\/index.php?rest_route=\/wp\/v2\/users\/3"}],"replies":[{"embeddable":true,"href":"https:\/\/colegiulviilor.ro\/index.php?rest_route=%2Fwp%2Fv2%2Fcomments&post=630"}],"version-history":[{"count":18,"href":"https:\/\/colegiulviilor.ro\/index.php?rest_route=\/wp\/v2\/pages\/630\/revisions"}],"predecessor-version":[{"id":2524,"href":"https:\/\/colegiulviilor.ro\/index.php?rest_route=\/wp\/v2\/pages\/630\/revisions\/2524"}],"wp:featuredmedia":[{"embeddable":true,"href":"https:\/\/colegiulviilor.ro\/index.php?rest_route=\/wp\/v2\/media\/1056"}],"wp:attachment":[{"href":"https:\/\/colegiulviilor.ro\/index.php?rest_route=%2Fwp%2Fv2%2Fmedia&parent=630"}],"curies":[{"name":"wp","href":"https:\/\/api.w.org\/{rel}","templated":true}]}}