{"id":546,"date":"2022-02-28T11:47:43","date_gmt":"2022-02-28T11:47:43","guid":{"rendered":"http:\/\/viilor.gddservices.ro\/?page_id=546"},"modified":"2025-11-20T09:19:06","modified_gmt":"2025-11-20T09:19:06","slug":"conducere","status":"publish","type":"page","link":"https:\/\/colegiulviilor.ro\/?page_id=546","title":{"rendered":"Conducere"},"content":{"rendered":"\n\n\n<p><strong>Director:<\/strong> Nanu Petre<\/p>\n\n\n\n<p><strong>Director adjunct:<\/strong> Diaconu Gabriela-Cristina<\/p>\n\n\n\n<p><strong>Director adjunct:<\/strong> Dorin Viorica Bella<\/p>\n\n\n\n<p class=\"has-text-align-center\"><strong><em>Consiliul de Administratie<\/em><\/strong><\/p>\n\n\n\n<ol class=\"wp-block-list\">\n<li>NANU PETRE \u2013 pre\u0219edinte<\/li>\n\n\n\n<li>DIACONU GABRIELA CRISTINA \u2013 reprezentant al cadrelor didactice<\/li>\n\n\n\n<li>DORIN VIORICA BELLA \u2013 reprezentant al cadrelor didactice<\/li>\n\n\n\n<li>STOICA DANIELA MARIA \u2013 reprezentant al cadrelor didactice<\/li>\n\n\n\n<li>CR\u00ceNGA\u0218U MARIA ALINA \u2013 reprezentantul Primarului sectorului 5<\/li>\n\n\n\n<li>FR\u00ceNCU NICOLAE-BOGDAN \u2013 reprezentant Consiliul Local \u2013 consilier<\/li>\n\n\n\n<li>DIMITRIU GEORGIANA \u2013 reprezentant p\u0103rin\u021bi<\/li>\n\n\n\n<li>OBREJA DAN \u2013 reprezentant GRAND HOTEL<\/li>\n\n\n\n<li>BUC\u0218A DUMITRU \u2013 reprezentant NOVOTEL<\/li>\n\n\n\n<li>MUNTEANU GABRIEL \u2013 reprezentant HOTEL CAPITOL<\/li>\n\n\n\n<li>BURUIAN\u0102 IOANA \u2013 reprezentant YELLOW FOOD S.R.L.<\/li>\n<\/ol>\n\n\n\n<p>OBSERVATORI SINDICAT :<br>HANGHIUC TITI &#8211; reprezentant F.S.L.I<br>MIH\u0102ESCU DENISA &#8211; reprezentant F.E.N<br>IVAN FLORIN C\u0102T\u0102LIN \u2013 reprezentant&nbsp;S.S.I.B.I.<\/p>\n\n\n\n<p><\/p>\n\n\n\n<p><\/p>\n","protected":false},"excerpt":{"rendered":"<p>Director: Nanu Petre Director adjunct: Diaconu Gabriela-Cristina Director adjunct: Dorin Viorica Bella Consiliul de Administratie OBSERVATORI SINDICAT :HANGHIUC TITI &#8211; reprezentant F.S.L.IMIH\u0102ESCU DENISA &#8211; reprezentant F.E.NIVAN FLORIN C\u0102T\u0102LIN \u2013 reprezentant&nbsp;S.S.I.B.I.<a class=\"more-link\" href=\"https:\/\/colegiulviilor.ro\/?page_id=546\">Read More &rarr;<\/a><\/p>\n","protected":false},"author":1,"featured_media":0,"parent":0,"menu_order":0,"comment_status":"closed","ping_status":"closed","template":"","meta":{"footnotes":""},"class_list":["entry","author-florian-gogea","post-546","page","type-page","status-publish"],"_links":{"self":[{"href":"https:\/\/colegiulviilor.ro\/index.php?rest_route=\/wp\/v2\/pages\/546","targetHints":{"allow":["GET"]}}],"collection":[{"href":"https:\/\/colegiulviilor.ro\/index.php?rest_route=\/wp\/v2\/pages"}],"about":[{"href":"https:\/\/colegiulviilor.ro\/index.php?rest_route=\/wp\/v2\/types\/page"}],"author":[{"embeddable":true,"href":"https:\/\/colegiulviilor.ro\/index.php?rest_route=\/wp\/v2\/users\/1"}],"replies":[{"embeddable":true,"href":"https:\/\/colegiulviilor.ro\/index.php?rest_route=%2Fwp%2Fv2%2Fcomments&post=546"}],"version-history":[{"count":25,"href":"https:\/\/colegiulviilor.ro\/index.php?rest_route=\/wp\/v2\/pages\/546\/revisions"}],"predecessor-version":[{"id":2517,"href":"https:\/\/colegiulviilor.ro\/index.php?rest_route=\/wp\/v2\/pages\/546\/revisions\/2517"}],"wp:attachment":[{"href":"https:\/\/colegiulviilor.ro\/index.php?rest_route=%2Fwp%2Fv2%2Fmedia&parent=546"}],"curies":[{"name":"wp","href":"https:\/\/api.w.org\/{rel}","templated":true}]}}