{"id":545,"date":"2022-02-28T11:47:30","date_gmt":"2022-02-28T11:47:30","guid":{"rendered":"http:\/\/viilor.gddservices.ro\/?page_id=545"},"modified":"2022-06-28T09:32:52","modified_gmt":"2022-06-28T09:32:52","slug":"misiune","status":"publish","type":"page","link":"https:\/\/colegiulviilor.ro\/?page_id=545","title":{"rendered":"Viziunea"},"content":{"rendered":"\n<h2 class=\"wp-block-heading\">Colegiul Economic \u201eViilor\u201d \u00ee\u0219i propune s\u0103 pun\u0103 la dispozi\u0163ia comunit\u0103\u0163ii oportunit\u0103\u0163i de educa\u0163ie \u015fi instruire de \u00eenalt\u0103 calitate, promov\u00e2nd totodat\u0103 valorile \u0219i idealurile europene. Prin ac\u021biunile noastre urm\u0103rim s\u0103 acord\u0103m o preg\u0103tire profesional\u0103 de \u00eenalt\u0103 calitate astfel \u00eenc\u00e2t elevii s\u0103 r\u0103spund\u0103 cerin\u021belor de pe pia\u021ba muncii.&nbsp;<\/h2>\n\n\n\n<p class=\"has-large-font-size\"><strong>Misiunea<\/strong><\/p>\n\n\n\n<h2 class=\"wp-block-heading\">Formarea deprinderilor necesare tuturor elevilor prin crearea unui mediu optim \u00een care s\u0103 se dezvolte \u0219i prin asigurarea unei preg\u0103tiri de \u00eenalt\u0103 calitate \u00eendreptat\u0103 spre performan\u021b\u0103.&nbsp;&nbsp;<\/h2>\n\n\n\n<p>&nbsp;<\/p>\n","protected":false},"excerpt":{"rendered":"<p>Colegiul Economic \u201eViilor\u201d \u00ee\u0219i propune s\u0103 pun\u0103 la dispozi\u0163ia comunit\u0103\u0163ii oportunit\u0103\u0163i de educa\u0163ie \u015fi instruire de \u00eenalt\u0103 calitate, promov\u00e2nd totodat\u0103 valorile \u0219i idealurile europene. Prin ac\u021biunile noastre urm\u0103rim s\u0103 acord\u0103m o preg\u0103tire profesional\u0103 de \u00eenalt\u0103 calitate astfel \u00eenc\u00e2t elevii s\u0103 r\u0103spund\u0103 cerin\u021belor de pe pia\u021ba muncii.&nbsp; Misiunea Formarea deprinderilor necesare tuturor elevilor prin crearea unui mediu optim \u00een care s\u0103 se dezvolte \u0219i prin asigurarea unei preg\u0103tiri de \u00eenalt\u0103 calitate \u00eendreptat\u0103 spre performan\u021b\u0103.&nbsp;&nbsp; &nbsp;<a class=\"more-link\" href=\"https:\/\/colegiulviilor.ro\/?page_id=545\">Read More &rarr;<\/a><\/p>\n","protected":false},"author":1,"featured_media":1054,"parent":0,"menu_order":0,"comment_status":"closed","ping_status":"closed","template":"","meta":{"footnotes":""},"class_list":["entry","author-florian-gogea","post-545","page","type-page","status-publish","has-post-thumbnail"],"_links":{"self":[{"href":"https:\/\/colegiulviilor.ro\/index.php?rest_route=\/wp\/v2\/pages\/545","targetHints":{"allow":["GET"]}}],"collection":[{"href":"https:\/\/colegiulviilor.ro\/index.php?rest_route=\/wp\/v2\/pages"}],"about":[{"href":"https:\/\/colegiulviilor.ro\/index.php?rest_route=\/wp\/v2\/types\/page"}],"author":[{"embeddable":true,"href":"https:\/\/colegiulviilor.ro\/index.php?rest_route=\/wp\/v2\/users\/1"}],"replies":[{"embeddable":true,"href":"https:\/\/colegiulviilor.ro\/index.php?rest_route=%2Fwp%2Fv2%2Fcomments&post=545"}],"version-history":[{"count":7,"href":"https:\/\/colegiulviilor.ro\/index.php?rest_route=\/wp\/v2\/pages\/545\/revisions"}],"predecessor-version":[{"id":1142,"href":"https:\/\/colegiulviilor.ro\/index.php?rest_route=\/wp\/v2\/pages\/545\/revisions\/1142"}],"wp:featuredmedia":[{"embeddable":true,"href":"https:\/\/colegiulviilor.ro\/index.php?rest_route=\/wp\/v2\/media\/1054"}],"wp:attachment":[{"href":"https:\/\/colegiulviilor.ro\/index.php?rest_route=%2Fwp%2Fv2%2Fmedia&parent=545"}],"curies":[{"name":"wp","href":"https:\/\/api.w.org\/{rel}","templated":true}]}}