{"id":544,"date":"2022-02-28T11:47:23","date_gmt":"2022-02-28T11:47:23","guid":{"rendered":"http:\/\/viilor.gddservices.ro\/?page_id=544"},"modified":"2022-06-28T09:32:23","modified_gmt":"2022-06-28T09:32:23","slug":"istoric","status":"publish","type":"page","link":"https:\/\/colegiulviilor.ro\/?page_id=544","title":{"rendered":"Istoric"},"content":{"rendered":"\n<h2 class=\"wp-block-heading\">Colegiul Economic \u201eViilor\u201d, situat pe strada Viilor, nr.38, sector.5 Bucure\u015fti, este o institu\u0163ie de \u00eenv\u0103\u0163\u0103m\u00e2nt cu tradi\u0163ie \u00eendelungat\u0103 \u00een preg\u0103tirea for\u0163ei de munc\u0103 pentru agen\u0163ii economici din turism, alimenta\u0163ie \u015fi comer\u0163. Din 1953 p\u00e2n\u0103 \u00een 1960, \u0219coala a func\u0163ionat ca \u015ecoal\u0103 profesional\u0103 de ucenici (buc\u0103tari, osp\u0103tari, cofetari). \u00centre 1960 \u2013 1961 a func\u0163ionat \u015ecoala profesional\u0103 comercial\u0103. \u00cen anul 1971 \u2013 odat\u0103 cu \u00eenfiin\u0163area liceelor industriale, \u00een cadrul Grupului \u015ecolar din \u015eos. Viilor nr. 38 a luat fiin\u0163\u0103 \u015fi Liceul Economic de Alimenta\u0163ie Public\u0103 , pornind la drum cu trei clase.<br>Construc\u0163ia efectiv\u0103 a actualului sediu a demarat \u00een anul 1973 \u015fi atunci \u00eentreaga activitate a \u00eenceput s\u0103 se desf\u0103\u015foare \u00een localul fostului liceu Mihai Eminescu din Calea Rahovei, unde s-a r\u0103mas p\u00e2n\u0103 \u00een anul 1977 (martie).<br>Imediat dup\u0103 cutremur s-a intrat \u00een noua construc\u0163ie realizat\u0103 dup\u0103 modelul unor \u015fcoli de acela\u015fi tip din Fran\u0163a \u015fi Austria &#8211; o investi\u0163ie model \u00een domeniul alimenta\u0163iei publice si turismului.<br>\u00centre anii 1976 -1981 liceul se numea Liceul Economic \u015fi de Drept Administrativ nr. 4 , iar \u00eentre 1981-1993 Liceul economic nr. 4 . \u00cen perioada 1993 -1995 liceul a primit numele de Grup \u015ecolar Economic Administrativ nr. 4, iar \u00eentre 1995 &#8211; 2001 a fost numit Grup \u015ecolar Economic \u201cViilor\u201d .<br>\u00cencep\u00e2nd cu anul 2001 p\u00e2n\u0103 \u00een prezent, liceul poart\u0103 numele de Colegiul Economic \u201cViilor\u201d.<\/h2>\n","protected":false},"excerpt":{"rendered":"<p>Colegiul Economic \u201eViilor\u201d, situat pe strada Viilor, nr.38, sector.5 Bucure\u015fti, este o institu\u0163ie de \u00eenv\u0103\u0163\u0103m\u00e2nt cu tradi\u0163ie \u00eendelungat\u0103 \u00een preg\u0103tirea for\u0163ei de munc\u0103 pentru agen\u0163ii economici din turism, alimenta\u0163ie \u015fi comer\u0163. Din 1953 p\u00e2n\u0103 \u00een 1960, \u0219coala a func\u0163ionat ca \u015ecoal\u0103 profesional\u0103 de ucenici (buc\u0103tari, osp\u0103tari, cofetari). \u00centre 1960 \u2013 1961 a func\u0163ionat \u015ecoala profesional\u0103 comercial\u0103. \u00cen anul 1971 \u2013 odat\u0103 cu \u00eenfiin\u0163area liceelor industriale, \u00een cadrul Grupului \u015ecolar din \u015eos. Viilor nr. 38 a luat fiin\u0163\u0103 \u015fi Liceul Economic de Alimenta\u0163ie Public\u0103 , pornind la drum cu trei clase.Construc\u0163ia efectiv\u0103 a actualului sediu a demarat \u00een anul 1973 \u015fi atunci \u00eentreaga activitate a \u00eenceput<a class=\"more-link\" href=\"https:\/\/colegiulviilor.ro\/?page_id=544\">Read More &rarr;<\/a><\/p>\n","protected":false},"author":1,"featured_media":0,"parent":0,"menu_order":0,"comment_status":"closed","ping_status":"closed","template":"","meta":{"footnotes":""},"class_list":["entry","author-florian-gogea","post-544","page","type-page","status-publish"],"_links":{"self":[{"href":"https:\/\/colegiulviilor.ro\/index.php?rest_route=\/wp\/v2\/pages\/544","targetHints":{"allow":["GET"]}}],"collection":[{"href":"https:\/\/colegiulviilor.ro\/index.php?rest_route=\/wp\/v2\/pages"}],"about":[{"href":"https:\/\/colegiulviilor.ro\/index.php?rest_route=\/wp\/v2\/types\/page"}],"author":[{"embeddable":true,"href":"https:\/\/colegiulviilor.ro\/index.php?rest_route=\/wp\/v2\/users\/1"}],"replies":[{"embeddable":true,"href":"https:\/\/colegiulviilor.ro\/index.php?rest_route=%2Fwp%2Fv2%2Fcomments&post=544"}],"version-history":[{"count":6,"href":"https:\/\/colegiulviilor.ro\/index.php?rest_route=\/wp\/v2\/pages\/544\/revisions"}],"predecessor-version":[{"id":1123,"href":"https:\/\/colegiulviilor.ro\/index.php?rest_route=\/wp\/v2\/pages\/544\/revisions\/1123"}],"wp:attachment":[{"href":"https:\/\/colegiulviilor.ro\/index.php?rest_route=%2Fwp%2Fv2%2Fmedia&parent=544"}],"curies":[{"name":"wp","href":"https:\/\/api.w.org\/{rel}","templated":true}]}}