{"id":2614,"date":"2026-05-14T19:06:04","date_gmt":"2026-05-14T19:06:04","guid":{"rendered":"https:\/\/colegiulviilor.ro\/?page_id=2614"},"modified":"2026-05-14T19:07:08","modified_gmt":"2026-05-14T19:07:08","slug":"2025-alimentatia-sanatoasa-pasarile-2","status":"publish","type":"page","link":"https:\/\/colegiulviilor.ro\/?page_id=2614","title":{"rendered":"2025 Alimenta\u021bia s\u0103n\u0103toas\u0103-P\u0103s\u0103rile"},"content":{"rendered":"\n<a href=\"\/wp-content\/uploads\/2026\/05\/2025-ALIMENTATIA-SANATOASA-PASARILE.pdf\"> Revista P\u0103s\u0103rile<\/a>\n","protected":false},"excerpt":{"rendered":"<p>Revista P\u0103s\u0103rile<a class=\"more-link\" href=\"https:\/\/colegiulviilor.ro\/?page_id=2614\">Read More &rarr;<\/a><\/p>\n","protected":false},"author":6,"featured_media":0,"parent":0,"menu_order":0,"comment_status":"closed","ping_status":"closed","template":"","meta":{"footnotes":""},"class_list":["entry","author-cristian-ene","post-2614","page","type-page","status-publish"],"_links":{"self":[{"href":"https:\/\/colegiulviilor.ro\/index.php?rest_route=\/wp\/v2\/pages\/2614","targetHints":{"allow":["GET"]}}],"collection":[{"href":"https:\/\/colegiulviilor.ro\/index.php?rest_route=\/wp\/v2\/pages"}],"about":[{"href":"https:\/\/colegiulviilor.ro\/index.php?rest_route=\/wp\/v2\/types\/page"}],"author":[{"embeddable":true,"href":"https:\/\/colegiulviilor.ro\/index.php?rest_route=\/wp\/v2\/users\/6"}],"replies":[{"embeddable":true,"href":"https:\/\/colegiulviilor.ro\/index.php?rest_route=%2Fwp%2Fv2%2Fcomments&post=2614"}],"version-history":[{"count":2,"href":"https:\/\/colegiulviilor.ro\/index.php?rest_route=\/wp\/v2\/pages\/2614\/revisions"}],"predecessor-version":[{"id":2618,"href":"https:\/\/colegiulviilor.ro\/index.php?rest_route=\/wp\/v2\/pages\/2614\/revisions\/2618"}],"wp:attachment":[{"href":"https:\/\/colegiulviilor.ro\/index.php?rest_route=%2Fwp%2Fv2%2Fmedia&parent=2614"}],"curies":[{"name":"wp","href":"https:\/\/api.w.org\/{rel}","templated":true}]}}