{"id":1003,"date":"2022-05-13T07:55:54","date_gmt":"2022-05-13T07:55:54","guid":{"rendered":"http:\/\/viilor.gddservices.ro\/?page_id=1003"},"modified":"2023-09-06T18:40:32","modified_gmt":"2023-09-06T18:40:32","slug":"alimentatia-sanatoasa","status":"publish","type":"page","link":"https:\/\/colegiulviilor.ro\/?page_id=1003","title":{"rendered":"Alimenta\u021bia s\u0103n\u0103toas\u0103"},"content":{"rendered":"\n<a href=\"\/wp-content\/uploads\/2022\/12\/revista-Fructe-si-legume-2020.2021_.pdf\"> Revista Fructe si Legume<\/a>\n","protected":false},"excerpt":{"rendered":"<p>Revista Fructe si Legume<a class=\"more-link\" href=\"https:\/\/colegiulviilor.ro\/?page_id=1003\">Read More &rarr;<\/a><\/p>\n","protected":false},"author":3,"featured_media":0,"parent":0,"menu_order":0,"comment_status":"closed","ping_status":"closed","template":"","meta":{"footnotes":""},"class_list":["entry","author-vlad-cristescu","post-1003","page","type-page","status-publish"],"_links":{"self":[{"href":"https:\/\/colegiulviilor.ro\/index.php?rest_route=\/wp\/v2\/pages\/1003","targetHints":{"allow":["GET"]}}],"collection":[{"href":"https:\/\/colegiulviilor.ro\/index.php?rest_route=\/wp\/v2\/pages"}],"about":[{"href":"https:\/\/colegiulviilor.ro\/index.php?rest_route=\/wp\/v2\/types\/page"}],"author":[{"embeddable":true,"href":"https:\/\/colegiulviilor.ro\/index.php?rest_route=\/wp\/v2\/users\/3"}],"replies":[{"embeddable":true,"href":"https:\/\/colegiulviilor.ro\/index.php?rest_route=%2Fwp%2Fv2%2Fcomments&post=1003"}],"version-history":[{"count":3,"href":"https:\/\/colegiulviilor.ro\/index.php?rest_route=\/wp\/v2\/pages\/1003\/revisions"}],"predecessor-version":[{"id":1814,"href":"https:\/\/colegiulviilor.ro\/index.php?rest_route=\/wp\/v2\/pages\/1003\/revisions\/1814"}],"wp:attachment":[{"href":"https:\/\/colegiulviilor.ro\/index.php?rest_route=%2Fwp%2Fv2%2Fmedia&parent=1003"}],"curies":[{"name":"wp","href":"https:\/\/api.w.org\/{rel}","templated":true}]}}